{"id":886,"date":"2022-04-14T01:31:56","date_gmt":"2022-04-14T01:31:56","guid":{"rendered":"https:\/\/www.casaclandestina.com.co\/?page_id=886"},"modified":"2022-04-14T16:24:05","modified_gmt":"2022-04-14T16:24:05","slug":"terms-and-conditions","status":"publish","type":"page","link":"https:\/\/www.casaclandestina.com.co\/es\/terms-and-conditions\/","title":{"rendered":"T\u00e9rminos y condiciones"},"content":{"rendered":"<div data-elementor-type=\"wp-page\" data-elementor-id=\"886\" class=\"elementor elementor-886\">\n\t\t\t\t\t\t<section class=\"elementor-section elementor-top-section elementor-element elementor-element-bcaac9f elementor-section-boxed elementor-section-height-default elementor-section-height-default\" data-id=\"bcaac9f\" data-element_type=\"section\">\n\t\t\t\t\t\t<div class=\"elementor-container elementor-column-gap-default\">\n\t\t\t\t\t<div class=\"elementor-column elementor-col-100 elementor-top-column elementor-element elementor-element-e57a601\" data-id=\"e57a601\" data-element_type=\"column\">\n\t\t\t<div class=\"elementor-widget-wrap elementor-element-populated\">\n\t\t\t\t\t\t<div class=\"elementor-element elementor-element-1b8a748 elementor-widget elementor-widget-text-editor\" data-id=\"1b8a748\" data-element_type=\"widget\" data-widget_type=\"text-editor.default\">\n\t\t\t\t<div class=\"elementor-widget-container\">\n\t\t\t\t\t\t\t\t\t<h2><strong>T\u00e9rminos y condiciones<\/strong><\/h2><p>LEA ATENTAMENTE ESTOS T\u00c9RMINOS Y CONDICIONES ANTES DE UTILIZAR ESTE SITIO. SE TRATA DE UN ACUERDO LEGAL VINCULANTE. AL ACCEDER Y SEGUIR UTILIZANDO EL SITIO, USTED ACEPTA TODOS Y CADA UNO DE ESTOS T\u00c9RMINOS Y CONDICIONES. NO UTILICE EL SITIO SI NO ACEPTA TODOS Y CADA UNO DE ESTOS T\u00c9RMINOS Y CONDICIONES.<\/p><p>CASA CLANDESTINA con sede en Calle 13 #43D-40, Manila, Medell\u00edn, Colombia y sus subsidiarias (colectivamente, \u201cCasa Clandestina\u201d, \u201cnosotros\u201d, \u201cnuestro\u201d o \u201cnos\u201d) proporcionan un sitio web a visitantes ubicados en todo el mundo. Nuestros sitios web incluyen, sin limitaci\u00f3n, este sitio web y otras plataformas orientadas al consumidor operadas bajo nuestra marca. Estos T\u00e9rminos y Condiciones tambi\u00e9n se aplican a las traducciones de nuestros Sitios. Nuestros Sitios son controlados y operados desde Colombia y est\u00e1n sujetos a la ley colombiana.<\/p><p>El contenido y la informaci\u00f3n que se muestran en los Sitios son propiedad de Casa Clandestina y se denominan colectivamente \u201cInformaci\u00f3n de Casa Clandestina\u201d. La descarga, reproducci\u00f3n o retransmisi\u00f3n de la Informaci\u00f3n de Casa Clandestina, salvo para uso individual no comercial, est\u00e1 estrictamente prohibida, excepto en la medida en que se permita con el consentimiento previo por escrito de Casa Clandestina o de los agentes de viajes con fines comerciales \u00fanicamente de acuerdo con la secci\u00f3n de Agentes de viajes a continuaci\u00f3n.<\/p><h5><strong>Uso del sitio<\/strong><\/h5><p>Los servicios de los Sitios est\u00e1n disponibles \u00fanicamente para personas que puedan celebrar contratos legalmente vinculantes seg\u00fan la ley aplicable y, por lo tanto, no est\u00e1n disponibles para menores de edad. Al utilizar los Sitios, usted declara que tiene la edad legal suficiente para utilizar los Sitios y crear obligaciones legales vinculantes por cualquier responsabilidad en la que pueda incurrir como resultado del uso de los Sitios. Tambi\u00e9n garantiza que est\u00e1 legalmente autorizado para realizar reservas y compras de viajes para usted mismo o para otra persona en cuyo nombre est\u00e9 autorizado para actuar.<\/p><p>Usted debe utilizar los Sitios \u00fanicamente para su uso personal. Usted acepta que no utilizar\u00e1 los Sitios para enviar cartas en cadena, correo basura, \u201cspam\u201d, solicitudes (comerciales o no comerciales) o comunicaciones masivas de ning\u00fan tipo, incluidas, entre otras, listas de distribuci\u00f3n a cualquier persona que no haya dado permiso espec\u00edfico para ser incluida en dicha lista. Adem\u00e1s, usted acepta no crear un enlace de hipertexto desde ning\u00fan sitio web controlado por usted o de otro modo a los Sitios sin el permiso expreso por escrito de Casa Clandestina. Usted acepta no hacerse pasar por otra persona o representante de ninguna entidad, ya sea real o ficticia, incluido un empleado o agente de Casa Clandestina o cualquier tercero que brinde servicios relacionados con los Sitios.<\/p><p>\u201c\u00c1rea de chat\u201d significa cualquier \u00e1rea de chat, foro, tablero de mensajes o servicio similar ofrecido junto con los Sitios. Si participa en un \u00c1rea de chat, acepta que, adem\u00e1s de cumplir con los T\u00e9rminos y condiciones, no difamar\u00e1, abusar\u00e1, acosar\u00e1, amenazar\u00e1 ni har\u00e1 declaraciones discriminatorias sobre otros; promover\u00e1 actividades ilegales; usar\u00e1 lenguaje o im\u00e1genes indecentes, obscenas o descorteses; ni proporcionar\u00e1 contenido que no est\u00e9 relacionado con el tema designado del \u00c1rea de chat. Usted ser\u00e1 el \u00fanico responsable de su uso del \u00c1rea de chat. Casa Clandestina se reserva el derecho de eliminar o editar contenido de cualquier \u00c1rea de chat en cualquier momento y por cualquier motivo; sin embargo, Casa Clandestina no tiene la obligaci\u00f3n de hacerlo y no es responsable del contenido o la precisi\u00f3n de cualquier informaci\u00f3n en un \u00c1rea de chat.<\/p><p>Nos reservamos el derecho, a nuestra discreci\u00f3n, de cambiar o modificar partes de estos T\u00e9rminos y Condiciones en cualquier momento sin previo aviso y, a menos que se indique lo contrario, dichos cambios entrar\u00e1n en vigencia inmediatamente despu\u00e9s de su publicaci\u00f3n; por lo tanto, verifique estos T\u00e9rminos y Condiciones peri\u00f3dicamente para conocer los cambios. Mostraremos la fecha de vigencia de estos T\u00e9rminos y Condiciones en la parte superior de esta p\u00e1gina.<\/p><h5><strong>Comentarios de los usuarios<\/strong><\/h5><p>Al enviar ideas, comentarios, sugerencias u otra informaci\u00f3n: a una sala de chat; o a Casa Clandestina relacionada con mejoras a los Sitios o servicios relacionados con los Sitios; (colectivamente, los \u201cComentarios\u201d), usted acepta que dichos Comentarios se considerar\u00e1n, y seguir\u00e1n siendo, propiedad de Casa Clandestina. Ninguno de los Comentarios estar\u00e1 sujeto a ninguna obligaci\u00f3n de confidencialidad por parte de Casa Clandestina y Casa Clandestina no ser\u00e1 responsable por ning\u00fan uso o divulgaci\u00f3n de ning\u00fan Comentario. Casa Clandestina ser\u00e1 propietaria de todos los derechos relacionados con los Comentarios (incluidos, entre otros, los derechos de propiedad intelectual y los derechos morales) y tendr\u00e1 derecho a usar los Comentarios sin restricci\u00f3n para cualquier prop\u00f3sito, comercial o de otro tipo, sin compensaci\u00f3n para usted.<\/p><h5><strong>Marcas comerciales<\/strong><\/h5><p>Nuestros Sitios pueden contener o hacer referencia a marcas comerciales, patentes, materiales protegidos por derechos de autor, secretos comerciales, tecnolog\u00edas, productos, procesos u otros derechos de propiedad de Casa Clandestina y\/o de otras partes. No se le otorga ni se le confiere a usted ninguna licencia ni derecho sobre dichas marcas comerciales, patentes, materiales protegidos por derechos de autor, secretos comerciales, tecnolog\u00edas, productos, procesos y otros derechos de propiedad de Casa Clandestina y\/o de otras partes.<\/p><h5><strong>Escucha<\/strong><\/h5><p>Usted acepta que no utilizar\u00e1 ning\u00fan dispositivo, software u otro instrumento para interferir o intentar interferir con el funcionamiento adecuado de nuestros Sitios, y que no realizar\u00e1 ninguna acci\u00f3n que imponga una carga irrazonable o desproporcionadamente grande en nuestra infraestructura. Adem\u00e1s, usted acepta que no utilizar\u00e1 ning\u00fan robot, ara\u00f1a, otro dispositivo autom\u00e1tico o proceso manual para monitorear, extraer o copiar nuestros Sitios o la Informaci\u00f3n de Casa Clandestina contenida en ellos, o cualquier aspecto de los Sitios o la Informaci\u00f3n de Casa Clandestina, sin el consentimiento expreso previo de un representante autorizado de Casa Clandestina (dicho consentimiento se considera otorgado para la tecnolog\u00eda est\u00e1ndar de motores de b\u00fasqueda empleada por los sitios web de b\u00fasqueda de Internet para dirigir a los usuarios de Internet a nuestros Sitios). Adem\u00e1s, usted acepta que no utilizar\u00e1 nuestros Sitios para ning\u00fan prop\u00f3sito que sea ilegal, il\u00edcito o est\u00e9 prohibido por estos T\u00e9rminos y Condiciones. Usted acepta que no interrumpir\u00e1, perturbar\u00e1, alterar\u00e1, destruir\u00e1, da\u00f1ar\u00e1, restringir\u00e1, alterar\u00e1 ni afectar\u00e1 de otro modo el funcionamiento adecuado de nuestros Sitios de ninguna manera, incluido, entre otros, mediante el uso de cualquier c\u00f3digo malicioso o no autorizado, virus, gusano, troyano, malware o programa.<\/p><p>Usted acepta que Casa Clandestina no tiene obligaci\u00f3n de, pero puede, monitorear y revisar la informaci\u00f3n que usted transmite a trav\u00e9s de los Sitios. Usted acepta que Casa Clandestina puede censurar, editar, eliminar o prohibir la transmisi\u00f3n o recepci\u00f3n de cualquier informaci\u00f3n que Casa Clandestina considere inapropiada o que viole estos T\u00e9rminos y Condiciones, y utilizar dicha informaci\u00f3n seg\u00fan sea necesario para proporcionar los Sitios o para proteger los derechos o propiedades de Casa Clandestina. Usted acepta que Casa Clandestina tambi\u00e9n puede monitorear y revisar la informaci\u00f3n almacenada sin restricci\u00f3n. Por la presente, usted reconoce y acepta dicho monitoreo y revisi\u00f3n.<\/p><p>No podr\u00e1 utilizar nuestros Sitios de ninguna manera amenazante, calumniosa, injuriosa, difamatoria, obscena, provocativa, pornogr\u00e1fica, discriminatoria u ofensiva. Nos reservamos el derecho, a nuestra entera discreci\u00f3n, de revocar o denegar su acceso a nuestros Sitios, incluso, sin limitaci\u00f3n, si viola alguna de las disposiciones de estos T\u00e9rminos y Condiciones.<\/p><p>Usted acepta que solo har\u00e1 reservas leg\u00edtimas y de buena fe para uso exclusivo suyo y de sus invitados, y no para otros fines, incluidos, entre otros, la reventa, la asignaci\u00f3n o publicaci\u00f3n inadmisible en sitios web de terceros, o la realizaci\u00f3n de reservas especulativas, falsas o fraudulentas, o cualquier reserva en previsi\u00f3n de la demanda.<\/p><h5><strong>Privacidad<\/strong><\/h5><p>Su env\u00edo de informaci\u00f3n en el Sitio est\u00e1 sujeto a la Declaraci\u00f3n de Privacidad Global para Hu\u00e9spedes del Grupo Casa Clandestina (disponible en https:\/\/www.casaclandestina.com.co\/politica-de-privacidad)<\/p><h5><strong>Garant\u00eda<\/strong><\/h5><p>HASTA DONDE LA LEY LO PERMITA, NUESTROS SITIOS Y LA INFORMACI\u00d3N DE Casa Clandestina SE OFRECEN \u201cTAL CUAL\u201d SIN GARANT\u00cdA DE NING\u00daN TIPO, EXPRESA O IMPL\u00cdCITA, INCLUYENDO, PERO SIN LIMITARSE A, LAS GARANT\u00cdAS IMPL\u00cdCITAS DE COMERCIABILIDAD, IDONEIDAD PARA UN PROP\u00d3SITO PARTICULAR O NO INFRACCI\u00d3N. NO OFRECEMOS GARANT\u00cdAS NI ASEGURAMOS QUE NUESTROS SITIOS Y\/O LA INFORMACI\u00d3N DE Casa Clandestina ESTAR\u00c1N DISPONIBLES, SER\u00c1N ADECUADOS, PRECISOS, ININTERRUMPIDOS, COMPLETOS O LIBRES DE ERRORES. NO SOMOS RESPONSABLES NI OBLIGADOS POR NING\u00daN C\u00d3DIGO MALICIOSO O NO AUTORIZADO Y USTED ES EL \u00daNICO RESPONSABLE DE ASEGURARSE DE TENER MECANISMOS DE PROTECCI\u00d3N Y ESCANEO APROPIADOS PARA LA SEGURIDAD DE SUS DISPOSITIVOS, PROGRAMAS E INFORMACI\u00d3N. AL UTILIZAR CUALQUIERA DE NUESTROS SITIOS Y\/O LA INFORMACI\u00d3N DE Casa Clandestina, USTED ASUME TODO EL RIESGO DE P\u00c9RDIDA QUE PUEDA SURGIR O ESTAR ASOCIADO CON ESE USO.<\/p><h5><strong>Contrase\u00f1as<\/strong><\/h5><p>Nuestros Sitios pueden brindarle la posibilidad de usar nombres de usuario, contrase\u00f1as u otros c\u00f3digos o dispositivos para obtener acceso a ciertas partes de nuestros Sitios (\u201cc\u00f3digos de acceso\u201d). Usted es completamente responsable de mantener la confidencialidad de sus c\u00f3digos de acceso y de todas las actividades que ocurran en su cuenta. Nos reservamos el derecho de cancelar inmediatamente su cuenta a nuestra entera discreci\u00f3n y sin previo aviso siempre que exista un motivo, incluido, por ejemplo, si viola alguna parte de estos T\u00e9rminos y condiciones.<\/p><h5><strong>Limitaci\u00f3n de responsabilidad<\/strong><\/h5><p>En la medida m\u00e1xima permitida por la ley, nosotros, otros miembros de nuestro grupo y compa\u00f1\u00edas afiliadas y terceros conectados con nosotros por la presente excluimos expresamente cualquier responsabilidad por cualquier p\u00e9rdida o da\u00f1o directo, indirecto o consecuente incurrido por cualquier usuario en relaci\u00f3n con nuestros Sitios o en relaci\u00f3n con el uso, la incapacidad de uso o los resultados del uso de nuestros Sitios, cualquier sitio web vinculado a ellos y cualquier material publicado en ellos, incluyendo, sin limitaci\u00f3n, cualquier responsabilidad por p\u00e9rdida de ingresos o ganancias; p\u00e9rdida de negocios; p\u00e9rdida de ganancias o contratos; p\u00e9rdida de ahorros previstos; p\u00e9rdida de datos; p\u00e9rdida de buena voluntad; tiempo de gesti\u00f3n o de oficina desperdiciado; y por cualquier otra p\u00e9rdida o da\u00f1o de cualquier tipo, independientemente de c\u00f3mo surja y ya sea causado por agravio (incluida la negligencia), incumplimiento de contrato o de otro modo, incluso si es previsible, siempre que esta condici\u00f3n no impida las reclamaciones por p\u00e9rdida o da\u00f1o a su propiedad tangible o cualquier otra reclamaci\u00f3n por p\u00e9rdida financiera directa que no est\u00e9 excluida por ninguna de las categor\u00edas establecidas anteriormente.<\/p><p>EN CASO DE QUE Casa Clandestina SEA RESPONSABLE POR CUALQUIER DA\u00d1O RELACIONADO CON EL SITIO, EN LA MEDIDA M\u00c1XIMA PERMITIDA POR LA LEY, SU \u00daNICO Y EXCLUSIVO RECURSO SE LIMITAR\u00c1 AL REEMBOLSO DE LOS CARGOS POR LOS SERVICIOS O PRODUCTOS PAGADOS POR USTED.<\/p><p>EN LA M\u00c1XIMA MEDIDA PERMITIDA POR LA LEY, USTED RENUNCIA POR LA PRESENTE A TODOS Y CADA UNO DE LOS DERECHOS DE PRESENTAR CUALQUIER RECLAMO O ACCI\u00d3N RELACIONADA CON ESTE SITIO M\u00c1S ALL\u00c1 DE UN (1) A\u00d1O DESPU\u00c9S DE LA PRIMERA OCURRENCIA DEL TIPO DE ACTO, EVENTO, CONDICI\u00d3N U OMISI\u00d3N EN EL QUE SE BASA DICHO RECLAMO O ACCI\u00d3N.<\/p><p>Esto no afecta nuestra responsabilidad por muerte o lesiones personales que surjan de nuestra negligencia, ni nuestra responsabilidad por tergiversaci\u00f3n fraudulenta o tergiversaci\u00f3n sobre un asunto fundamental, ni ninguna otra responsabilidad que no pueda excluirse o limitarse seg\u00fan la ley aplicable.<\/p><p>Usted deber\u00e1 defendernos frente a cualquier demanda, reclamaci\u00f3n o acci\u00f3n interpuesta contra nosotros o que surja como resultado de cualquier incumplimiento o violaci\u00f3n de estos T\u00e9rminos y Condiciones por su parte (\u201cReclamaci\u00f3n\u201d) y deber\u00e1 indemnizarnos y eximirnos de toda responsabilidad por cualquier p\u00e9rdida, da\u00f1o, costo y gasto (incluidos los honorarios de los abogados) que resulten de dicha Reclamaci\u00f3n. Tenemos el derecho, a nuestro cargo, de asumir la defensa exclusiva frente a cualquier Reclamaci\u00f3n y todas las negociaciones para llegar a un acuerdo y usted acepta cooperar con nosotros en la defensa de dicha Reclamaci\u00f3n, a pedido nuestro.<\/p><h5><strong>Confidencialidad<\/strong><\/h5><p>Con respecto a todas las comunicaciones que usted nos haga respecto a la Informaci\u00f3n de Casa Clandestina incluyendo pero no limitado a retroalimentaci\u00f3n, preguntas, comentarios, sugerencias y similares: (a) usted no tendr\u00e1 derecho a confidencialidad en sus comunicaciones y nosotros no tendremos obligaci\u00f3n de proteger sus comunicaciones de divulgaci\u00f3n; (b) seremos libres de reproducir, usar, divulgar y distribuir sus comunicaciones a otros sin limitaci\u00f3n; y (c) seremos libres de usar cualquier idea, concepto, conocimiento, contenido o t\u00e9cnica contenida en sus comunicaciones para cualquier prop\u00f3sito, incluyendo pero no limitado al desarrollo, producci\u00f3n y comercializaci\u00f3n de productos y servicios que incorporen dicha informaci\u00f3n.<\/p><h5><strong>Inexactitudes y errores<\/strong><\/h5><p>La informaci\u00f3n de Casa Clandestina puede contener imprecisiones t\u00e9cnicas y errores tipogr\u00e1ficos, incluyendo, entre otros, imprecisiones relacionadas con los precios o la disponibilidad aplicables a su transacci\u00f3n. Casa Clandestina no asume responsabilidad alguna por dichas imprecisiones, errores u omisiones, y no tendr\u00e1 obligaci\u00f3n de respetar las reservas o la informaci\u00f3n afectada por dichas imprecisiones. Casa Clandestina se reserva el derecho de realizar cambios, correcciones, cancelaciones y\/o mejoras a la informaci\u00f3n de Casa Clandestina, y a los productos y programas descritos en dicha informaci\u00f3n, en cualquier momento sin previo aviso, incluso despu\u00e9s de la confirmaci\u00f3n de una transacci\u00f3n.<\/p><h5><strong>Malas comunicaciones \/ Transacciones perdidas<\/strong><\/h5><p>Casa Clandestina y cualquier otro proveedor de productos o servicios relacionados con los Sitios no son responsables por fallas, problemas o dificultades en las comunicaciones, ni por transmisiones, mensajes o entradas perdidas, robadas o mal dirigidas, ni por la seguridad de dichas comunicaciones. Adem\u00e1s, Casa Clandestina y cualquier otro proveedor de productos o servicios relacionados con los Sitios no son responsables por informaci\u00f3n de entrada incorrecta o inexacta, ya sea causada por el usuario(s) o por cualquier equipo o programaci\u00f3n asociada con los Sitios, o por cualquier error t\u00e9cnico o humano que pueda ocurrir en el procesamiento de cualquier informaci\u00f3n relacionada con los Sitios. Casa Clandestina y cualquier otro proveedor de productos o servicios relacionados con los Sitios pueden cancelar o modificar reservas cuando parezca que un usuario ha participado en una actividad fraudulenta o inapropiada o bajo otras circunstancias donde parezca que las reservas contienen o resultaron de un error o equivocaci\u00f3n.<\/p><p>Usted acepta que ni Casa Clandestina ni ning\u00fan otro proveedor de productos o servicios relacionados con los Sitios son responsables de ning\u00fan da\u00f1o que pueda surgir como resultado de cualquier arreglo de viaje u hotel u otros pedidos que solicite o realice en los Sitios que no sean procesados o aceptados por cualquier motivo.<\/p><h5><strong>Destinos de viaje<\/strong><\/h5><p>Los viajes a determinados destinos pueden implicar un mayor riesgo que otros. Casa Clandestina insta a los pasajeros a revisar las prohibiciones de viaje, advertencias, anuncios y avisos emitidos por su pa\u00eds antes de reservar un viaje a destinos internacionales. Casa Clandestina NO DECLARA NI GARANTIZA QUE VIAJAR A, O ALOJARSE EN, DESTINOS DONDE SE OFRECEN SERVICIOS A TRAV\u00c9S DE ESTE SITIO SEA ACONSEJABLE O NO IMPLIQUE RIESGO Y NO ES RESPONSABLE POR DA\u00d1OS O P\u00c9RDIDAS QUE PUEDAN RESULTAR DE VIAJAR A, O ESTAR EN, DICHOS DESTINOS EN LA M\u00c1XIMA MEDIDA PERMITIDA POR LA LEY.<\/p><p>Condiciones generales para reservas de hoteles\/resorts (\u201cPropiedad\u201d o \u201cPropiedades\u201d)<\/p><p>Adem\u00e1s de los dem\u00e1s t\u00e9rminos y condiciones especificados en los Sitios con respecto a nuestras Propiedades, los siguientes t\u00e9rminos y condiciones generales se aplican a las reservas realizadas en los Sitios:<\/p><p>Las pol\u00edticas de cancelaci\u00f3n y otra informaci\u00f3n sobre reservas de habitaciones y propiedades espec\u00edficas pueden variar seg\u00fan la propiedad y el tipo de reserva. Las reglas de tarifas individuales, la informaci\u00f3n fiscal, los cargos aplicables y las pol\u00edticas de cancelaci\u00f3n se muestran en las secciones \u201cRevisar detalles de la reserva\u201d, \u201cResumen de cargos\u201d y \u201cPol\u00edtica de cancelaci\u00f3n del hotel\u201d en la p\u00e1gina de reserva de habitaciones del Sitio.<\/p><h5><strong>Disponibilidad de productos y servicios<\/strong><\/h5><p>Nuestros Sitios contienen informaci\u00f3n sobre los productos y servicios de Casa Clandestina, no todos los cuales est\u00e1n disponibles en todas las ubicaciones. Una referencia a un producto o servicio de Casa Clandestina en uno de nuestros Sitios no implica que dicho producto o servicio est\u00e9 o estar\u00e1 disponible en su ubicaci\u00f3n.<\/p><h5><strong>Sitios de terceros<\/strong><\/h5><p>Cualquier uso de la funci\u00f3n de mapas de este sitio se regir\u00e1 por los T\u00e9rminos de uso del usuario final de la aplicaci\u00f3n de mapas correspondiente. Casa Clandestina no tendr\u00e1 ninguna responsabilidad por el uso que usted haga de la aplicaci\u00f3n de mapas de terceros para obtener los resultados, incluidas las instrucciones de manejo, generados por dicha aplicaci\u00f3n de mapas de terceros.<\/p><p>Si decide abandonar nuestros Sitios a trav\u00e9s de enlaces a otros sitios web de terceros, incluidos los de anunciantes, nuestros T\u00e9rminos y condiciones y nuestra Declaraci\u00f3n de privacidad dejar\u00e1n de aplicarse. No somos responsables de los t\u00e9rminos y condiciones ni de los t\u00e9rminos de uso ni de las pol\u00edticas de privacidad de esos sitios web de terceros, cookies, etiquetas de p\u00edxeles y otras tecnolog\u00edas similares que utilicen. Adem\u00e1s, debido a que no tenemos control sobre dichos sitios y recursos de terceros, usted reconoce y acepta que Casa Clandestina no es responsable de la disponibilidad de dichos sitios o recursos de terceros, y que Casa Clandestina no respalda ni es responsable de ning\u00fan contenido, publicidad, productos u otros materiales en o disponibles en dichos sitios o recursos de terceros.<\/p><h5><strong>Ley aplicable<\/strong><\/h5><p>Estos T\u00e9rminos y Condiciones se regir\u00e1n, interpretar\u00e1n y aplicar\u00e1n de conformidad con las leyes de Medell\u00edn, Antioquia, Colombia, sin tener en cuenta sus normas sobre conflictos de leyes. La jurisdicci\u00f3n exclusiva para cualquier disputa no cubierta por los t\u00e9rminos de la disposici\u00f3n de arbitraje establecida en estos T\u00e9rminos y Condiciones se puede presentar solo en los tribunales estatales o federales ubicados en Antioquia, Colombia. USTED RENUNCIA POR LA PRESENTE A CUALQUIER DERECHO QUE PUEDA TENER AHORA O EN LO SUCESIVO A UN JUICIO POR JURADO. Lo anterior no se aplicar\u00e1 en la medida en que la ley aplicable en su pa\u00eds de residencia requiera la aplicaci\u00f3n de otra ley y\/o jurisdicci\u00f3n y esto no pueda excluirse por contrato.<\/p><p>Si tiene preguntas sobre estos T\u00e9rminos y Condiciones, env\u00ede un correo electr\u00f3nico a privacy@Casa Clandestina.com<\/p>\t\t\t\t\t\t\t\t<\/div>\n\t\t\t\t<\/div>\n\t\t\t\t\t<\/div>\n\t\t<\/div>\n\t\t\t\t\t<\/div>\n\t\t<\/section>\n\t\t\t\t<\/div>","protected":false},"excerpt":{"rendered":"<p>Terms and Conditions PLEASE READ THESE TERMS AND CONDITIONS CAREFULLY BEFORE USING THIS SITE. THIS IS A BINDING LEGAL AGREEMENT. BY ACCESSING AND CONTINUING TO USE THE SITE, YOU AGREE TO EACH AND EVERY ONE OF THESE TERMS AND CONDITIONS. &hellip; <a href=\"https:\/\/www.casaclandestina.com.co\/es\/terms-and-conditions\/\">Leer m\u00e1s<\/a><\/p>","protected":false},"author":1,"featured_media":0,"parent":0,"menu_order":0,"comment_status":"closed","ping_status":"open","template":"elementor_theme","meta":{"footnotes":""},"class_list":["post-886","page","type-page","status-publish","hentry"],"aioseo_notices":[],"_links":{"self":[{"href":"https:\/\/www.casaclandestina.com.co\/es\/wp-json\/wp\/v2\/pages\/886","targetHints":{"allow":["GET"]}}],"collection":[{"href":"https:\/\/www.casaclandestina.com.co\/es\/wp-json\/wp\/v2\/pages"}],"about":[{"href":"https:\/\/www.casaclandestina.com.co\/es\/wp-json\/wp\/v2\/types\/page"}],"author":[{"embeddable":true,"href":"https:\/\/www.casaclandestina.com.co\/es\/wp-json\/wp\/v2\/users\/1"}],"replies":[{"embeddable":true,"href":"https:\/\/www.casaclandestina.com.co\/es\/wp-json\/wp\/v2\/comments?post=886"}],"version-history":[{"count":0,"href":"https:\/\/www.casaclandestina.com.co\/es\/wp-json\/wp\/v2\/pages\/886\/revisions"}],"wp:attachment":[{"href":"https:\/\/www.casaclandestina.com.co\/es\/wp-json\/wp\/v2\/media?parent=886"}],"curies":[{"name":"gracias","href":"https:\/\/api.w.org\/{rel}","templated":true}]}}