{"id":922,"date":"2022-04-18T12:12:51","date_gmt":"2022-04-18T17:12:51","guid":{"rendered":"https:\/\/www.casaclandestina.com.co\/?page_id=922"},"modified":"2022-04-18T12:18:45","modified_gmt":"2022-04-18T17:18:45","slug":"cancellation-policy","status":"publish","type":"page","link":"https:\/\/www.casaclandestina.com.co\/es\/cancellation-policy\/","title":{"rendered":"Pol\u00edtica de cancelaci\u00f3n"},"content":{"rendered":"<div data-elementor-type=\"wp-page\" data-elementor-id=\"922\" class=\"elementor elementor-922\">\n\t\t\t\t\t\t<section class=\"elementor-section elementor-top-section elementor-element elementor-element-bcaac9f elementor-section-boxed elementor-section-height-default elementor-section-height-default\" data-id=\"bcaac9f\" data-element_type=\"section\">\n\t\t\t\t\t\t<div class=\"elementor-container elementor-column-gap-default\">\n\t\t\t\t\t<div class=\"elementor-column elementor-col-100 elementor-top-column elementor-element elementor-element-e57a601\" data-id=\"e57a601\" data-element_type=\"column\">\n\t\t\t<div class=\"elementor-widget-wrap elementor-element-populated\">\n\t\t\t\t\t\t<div class=\"elementor-element elementor-element-1b8a748 elementor-widget elementor-widget-text-editor\" data-id=\"1b8a748\" data-element_type=\"widget\" data-widget_type=\"text-editor.default\">\n\t\t\t\t<div class=\"elementor-widget-container\">\n\t\t\t\t\t\t\t\t\t<h2><strong>T\u00e9rminos y condiciones<\/strong><\/h2><p><strong>Tarifa est\u00e1ndar:<\/strong><br \/>La cancelaci\u00f3n es gratuita 7 d\u00edas antes de la fecha de llegada, despu\u00e9s de este tiempo le cobraremos 90% del precio de la habitaci\u00f3n como tarifa de cancelaci\u00f3n, si ya no pudi\u00e9ramos vender la habitaci\u00f3n.<br \/><br \/><strong>Informaci\u00f3n importante:<\/strong><br \/>\u2013 Debido a que Airbnb est\u00e1 rodeado de muchas casas, se requiere que los hu\u00e9spedes, especialmente aquellos en grupos, sean respetuosos con el ruido durante las noches.<br \/>\u2013 No se permiten fiestas en el recinto.<br \/>\u2013 Tenga en cuenta que el registro de entrada y la recogida de llaves se realizar\u00e1n en: Herzogstr. 93, 40215 D\u00fcsseldorf.<br \/>\u2013 Idiomas hablados: alem\u00e1n, ingl\u00e9s, ruso, gorgiano, persa<\/p><p>\u00a0<\/p><p><strong>Registro de entrada y salida<br \/><\/strong>El check-in es a partir de las 15:00 h, pero puedes dejar tu equipaje y empezar a explorar la ciudad cuando quieras. El check-out es a las 11:00 h. Contamos con un peque\u00f1o pero fant\u00e1stico personal que necesita tiempo para preparar las habitaciones para los hu\u00e9spedes que llegan. Si necesitas m\u00e1s tiempo, a veces se puede organizar un check-out tard\u00edo con notificaci\u00f3n previa. Env\u00eda tu solicitud la noche anterior.<\/p><p>\u00a0<\/p>\t\t\t\t\t\t\t\t<\/div>\n\t\t\t\t<\/div>\n\t\t\t\t\t<\/div>\n\t\t<\/div>\n\t\t\t\t\t<\/div>\n\t\t<\/section>\n\t\t\t\t<\/div>","protected":false},"excerpt":{"rendered":"<p>T\u00e9rminos y condiciones Tarifa est\u00e1ndar: La cancelaci\u00f3n es gratuita hasta 7 d\u00edas antes de la fecha de llegada. Pasado este plazo, se le cobrar\u00e1 el importe de la habitaci\u00f3n (90%) como gastos de cancelaci\u00f3n, si no podemos volver a alquilar la habitaci\u00f3n. Importante\u2026 <a href=\"https:\/\/www.casaclandestina.com.co\/es\/cancellation-policy\/\">Leer m\u00e1s<\/a><\/p>","protected":false},"author":1,"featured_media":0,"parent":0,"menu_order":0,"comment_status":"closed","ping_status":"closed","template":"elementor_theme","meta":{"footnotes":""},"class_list":["post-922","page","type-page","status-publish","hentry"],"aioseo_notices":[],"_links":{"self":[{"href":"https:\/\/www.casaclandestina.com.co\/es\/wp-json\/wp\/v2\/pages\/922","targetHints":{"allow":["GET"]}}],"collection":[{"href":"https:\/\/www.casaclandestina.com.co\/es\/wp-json\/wp\/v2\/pages"}],"about":[{"href":"https:\/\/www.casaclandestina.com.co\/es\/wp-json\/wp\/v2\/types\/page"}],"author":[{"embeddable":true,"href":"https:\/\/www.casaclandestina.com.co\/es\/wp-json\/wp\/v2\/users\/1"}],"replies":[{"embeddable":true,"href":"https:\/\/www.casaclandestina.com.co\/es\/wp-json\/wp\/v2\/comments?post=922"}],"version-history":[{"count":0,"href":"https:\/\/www.casaclandestina.com.co\/es\/wp-json\/wp\/v2\/pages\/922\/revisions"}],"wp:attachment":[{"href":"https:\/\/www.casaclandestina.com.co\/es\/wp-json\/wp\/v2\/media?parent=922"}],"curies":[{"name":"gracias","href":"https:\/\/api.w.org\/{rel}","templated":true}]}}